{"id":15913,"date":"2024-09-30T19:06:19","date_gmt":"2024-09-30T19:06:19","guid":{"rendered":"https:\/\/tuki.com.ar\/?page_id=15913"},"modified":"2024-10-03T22:32:21","modified_gmt":"2024-10-03T22:32:21","slug":"caracteristicas-piccolo","status":"publish","type":"page","link":"https:\/\/tuki.com.ar\/caracteristicas-piccolo\/","title":{"rendered":"Caracter\u00edsticas Piccolo"},"content":{"rendered":"\t\t<div data-elementor-type=\"wp-page\" data-elementor-id=\"15913\" class=\"elementor elementor-15913\">\n\t\t\t\t<div class=\"elementor-element elementor-element-747b822 e-con-full e-flex e-con e-parent\" data-id=\"747b822\" data-element_type=\"container\" data-settings=\"{&quot;wcf_enable_cursor_hover_effect_text&quot;:&quot;View&quot;,&quot;wcf_pin_breakpoint&quot;:&quot;mobile&quot;,&quot;wcf-animation&quot;:&quot;none&quot;}\">\n\t\t<div class=\"elementor-element elementor-element-e30f3a4 e-con-full e-flex e-con e-child\" data-id=\"e30f3a4\" data-element_type=\"container\" data-settings=\"{&quot;wcf_enable_cursor_hover_effect_text&quot;:&quot;View&quot;,&quot;wcf_pin_breakpoint&quot;:&quot;mobile&quot;,&quot;wcf-animation&quot;:&quot;none&quot;}\">\n\t\t\t\t<div data-speed=\"0.65\" class=\"elementor-element elementor-element-466303a elementor-widget elementor-widget-wcf--image\" data-id=\"466303a\" data-element_type=\"widget\" data-settings=\"{&quot;wcf-image-animation&quot;:&quot;reveal&quot;,&quot;image-ease&quot;:&quot;power2.out&quot;,&quot;wcf-animation&quot;:&quot;none&quot;}\" data-widget_type=\"wcf--image.default\">\n\t\t\t\t<div class=\"elementor-widget-container\">\n\t\t\t\t\t\t\t<div class=\"wcf--image\">\r\n\t\t\t<img fetchpriority=\"high\" decoding=\"async\" width=\"1920\" height=\"591\" src=\"https:\/\/tuki.com.ar\/wp-content\/uploads\/2024\/10\/11.jpg\" class=\"attachment-full size-full wp-image-15991\" alt=\"\" srcset=\"https:\/\/tuki.com.ar\/wp-content\/uploads\/2024\/10\/11.jpg 1920w, https:\/\/tuki.com.ar\/wp-content\/uploads\/2024\/10\/11-300x92.jpg 300w, https:\/\/tuki.com.ar\/wp-content\/uploads\/2024\/10\/11-1024x315.jpg 1024w, https:\/\/tuki.com.ar\/wp-content\/uploads\/2024\/10\/11-768x236.jpg 768w, https:\/\/tuki.com.ar\/wp-content\/uploads\/2024\/10\/11-1536x473.jpg 1536w\" sizes=\"(max-width: 1920px) 100vw, 1920px\" \/>\t\t<\/div>\r\n\t\t\t\t\t\t<\/div>\n\t\t\t\t<\/div>\n\t\t\t\t<\/div>\n\t\t\t\t<\/div>\n\t\t<div class=\"elementor-element elementor-element-1c34136 pinelement e-flex e-con-boxed e-con e-parent\" data-id=\"1c34136\" data-element_type=\"container\" data-settings=\"{&quot;wcf_enable_cursor_hover_effect_text&quot;:&quot;View&quot;,&quot;wcf_pin_breakpoint&quot;:&quot;mobile&quot;,&quot;wcf-animation&quot;:&quot;none&quot;}\">\n\t\t\t\t\t<div class=\"e-con-inner\">\n\t\t<div class=\"elementor-element elementor-element-3b32899 e-flex e-con-boxed e-con e-child\" data-id=\"3b32899\" data-element_type=\"container\" data-settings=\"{&quot;wcf_enable_cursor_hover_effect_text&quot;:&quot;View&quot;,&quot;wcf_pin_breakpoint&quot;:&quot;mobile&quot;,&quot;wcf-animation&quot;:&quot;none&quot;}\">\n\t\t\t\t\t<div class=\"e-con-inner\">\n\t\t<div class=\"elementor-element elementor-element-75e3e2a e-con-full e-flex e-con e-child\" data-id=\"75e3e2a\" data-element_type=\"container\" data-settings=\"{&quot;wcf_enable_cursor_hover_effect_text&quot;:&quot;View&quot;,&quot;wcf_pin_breakpoint&quot;:&quot;mobile&quot;,&quot;wcf-animation&quot;:&quot;none&quot;}\">\n\t\t\t\t<div class=\"elementor-element elementor-element-5769ca3 wcf-t-animation-text_move elementor-widget elementor-widget-wcf--title\" data-id=\"5769ca3\" data-element_type=\"widget\" data-settings=\"{&quot;wcf_text_animation&quot;:&quot;text_move&quot;,&quot;text_delay&quot;:0.5,&quot;text_on_scroll&quot;:&quot;yes&quot;,&quot;text_animation_breakpoint&quot;:&quot;mobile&quot;,&quot;text_breakpoint_min_max&quot;:&quot;min&quot;,&quot;wcf-animation&quot;:&quot;none&quot;}\" data-widget_type=\"wcf--title.default\">\n\t\t\t\t<div class=\"elementor-widget-container\">\n\t\t\t\t\t<h2 class=\"wcf--title\">Caracter\u00edsticas Destacadas de Tuki Piccolo<\/h2>\t\t\t\t<\/div>\n\t\t\t\t<\/div>\n\t\t\t\t<div class=\"elementor-element elementor-element-23eb6e8 wcf-t-animation-none elementor-widget elementor-widget-wcf--text\" data-id=\"23eb6e8\" data-element_type=\"widget\" data-settings=\"{&quot;wcf_text_animation&quot;:&quot;none&quot;,&quot;wcf-animation&quot;:&quot;none&quot;}\" data-widget_type=\"wcf--text.default\">\n\t\t\t\t<div class=\"elementor-widget-container\">\n\t\t\t\t\t<div class=\"wcf--text\"><p><strong>Par\u00e1metros B\u00e1sicos<\/strong><\/p><p><strong>Dimensiones generales:<\/strong> 3395 \u00d7 1475 \u00d7 1950 mm<\/p><p><strong>Volumen del contenedor:<\/strong> 2.5 m\u00b3<\/p><p><strong>Posici\u00f3n del volante:<\/strong> LHD (volante a la izquierda)<\/p><p><strong>Distancia entre ejes:<\/strong> 2430 mm<\/p><p><strong>Distancia entre ruedas delanteras\/traseras:<\/strong> 1300\/1290 mm<\/p><p><strong>Capacidad de asientos:<\/strong> 2 asientos<\/p><p><strong>Especificaciones de los neum\u00e1ticos:<\/strong> 145R12 LT 8PR<\/p><p><strong>M\u00e1xima inclinaci\u00f3n:<\/strong> 27%<\/p><p><strong>Velocidad m\u00e1xima:<\/strong> 100 km\/h<\/p><p><strong>Distancia m\u00ednima al suelo:<\/strong> 130 mm<\/p><p><strong>Di\u00e1metro de giro m\u00ednimo:<\/strong> \u22648.8 m<\/p><p><strong>Peso sin suspensi\u00f3n:<\/strong> 750 kg<\/p><p><strong>Peso total m\u00e1ximo:<\/strong> 1590 kg<\/p><p><strong>Peso en vac\u00edo:<\/strong> 1130 kg<\/p><p>\u00a0<\/p><p><strong>Carga del eje con carga completa<\/strong><\/p><p><strong>Eje delantero:<\/strong> 715 kg<\/p><p><strong>Eje trasero:<\/strong> 875 kg<br \/><br \/><\/p><p><strong>Par\u00e1metros de Potencia<\/strong><\/p><p><strong>Tipo de potencia:<\/strong> EV (Veh\u00edculo El\u00e9ctrico)<\/p><p><strong>Tipo de bater\u00eda:<\/strong> Fosfato de hierro y litio<\/p><p><strong>Capacidad de la bater\u00eda:<\/strong> 30 kWh<\/p><p><strong>Tiempo de carga (carga r\u00e1pida):<\/strong> 1 h<\/p><p><strong>Potencia nominal\/m\u00e1xima:<\/strong> 15 kW\/30 kW<\/p><p><strong>Par motor nominal\/m\u00e1ximo:<\/strong> 40\/120 N\u00b7m<\/p><p><strong>Autonom\u00eda en conducci\u00f3n el\u00e9ctrica pura:<\/strong> 230 km<\/p><p><strong>Calefacci\u00f3n de la bater\u00eda<br \/><br \/><\/strong><\/p><p><strong>Chasis<\/strong><\/p><p><strong>Suspensi\u00f3n delantera:<\/strong> Suspensi\u00f3n independiente MacPherson<\/p><p><strong>Suspensi\u00f3n trasera:<\/strong> Suspensi\u00f3n no independiente de m\u00faltiples enlaces<\/p><p><strong>Sistema de tracci\u00f3n:<\/strong> Conjunto de reducci\u00f3n de eje trasero integral<\/p><p><strong>Sistema de direcci\u00f3n:<\/strong> Cremallera y pi\u00f1\u00f3n mec\u00e1nico<\/p><p><strong>Control electr\u00f3nico de estabilidad (ESC)<br \/><br \/><\/strong><\/p><p><strong>Otros<\/strong><\/p><p>Airbag del conductor<\/p><p>Airbag del pasajero<\/p><p>Frenado aut\u00f3nomo de emergencia (AEB)<\/p><p>Asiento del conductor con calefacci\u00f3n<\/p><p>Aire acondicionado<\/p><p>Gran pantalla de control central<\/p><p>Advertencia de salida de carril<\/p><p>Aviso de arranque del veh\u00edculo delantero<\/p><p>Funci\u00f3n de prevenci\u00f3n de auto movimiento<\/p><p>Funci\u00f3n de cambio autom\u00e1tico a modo de estacionamiento (P)<\/p><p>Funci\u00f3n antideslizante en pendiente<\/p><p>C\u00e1mara de respaldo\/Radar de retroceso<\/p><p>Espejos laterales ajustables el\u00e9ctricamente<\/p><p>Recuperaci\u00f3n de energ\u00eda<\/p><p>Herramientas manuales b\u00e1sicas<\/p><\/div>\t\t\t\t<\/div>\n\t\t\t\t<\/div>\n\t\t\t\t<div class=\"elementor-element elementor-element-753ebdf elementor-widget elementor-widget-image\" data-id=\"753ebdf\" data-element_type=\"widget\" data-settings=\"{&quot;wcf-image-animation&quot;:&quot;none&quot;,&quot;wcf-animation&quot;:&quot;none&quot;}\" data-widget_type=\"image.default\">\n\t\t\t\t<div class=\"elementor-widget-container\">\n\t\t\t\t\t\t\t\t\t\t\t\t\t\t\t<img decoding=\"async\" width=\"691\" height=\"498\" src=\"https:\/\/tuki.com.ar\/wp-content\/uploads\/2024\/10\/06-2.jpg\" class=\"attachment-large size-large wp-image-16015\" alt=\"\" srcset=\"https:\/\/tuki.com.ar\/wp-content\/uploads\/2024\/10\/06-2.jpg 691w, https:\/\/tuki.com.ar\/wp-content\/uploads\/2024\/10\/06-2-300x216.jpg 300w\" sizes=\"(max-width: 691px) 100vw, 691px\" \/>\t\t\t\t\t\t\t\t\t\t\t\t\t\t\t<\/div>\n\t\t\t\t<\/div>\n\t\t\t\t<div class=\"elementor-element elementor-element-f26b0cf elementor-widget elementor-widget-image\" data-id=\"f26b0cf\" data-element_type=\"widget\" data-settings=\"{&quot;wcf-image-animation&quot;:&quot;none&quot;,&quot;wcf-animation&quot;:&quot;none&quot;}\" data-widget_type=\"image.default\">\n\t\t\t\t<div class=\"elementor-widget-container\">\n\t\t\t\t\t\t\t\t\t\t\t\t\t\t\t<img decoding=\"async\" width=\"800\" height=\"286\" src=\"https:\/\/tuki.com.ar\/wp-content\/uploads\/2024\/10\/cv-1024x366.jpg\" class=\"attachment-large size-large wp-image-15984\" alt=\"\" srcset=\"https:\/\/tuki.com.ar\/wp-content\/uploads\/2024\/10\/cv-1024x366.jpg 1024w, https:\/\/tuki.com.ar\/wp-content\/uploads\/2024\/10\/cv-300x107.jpg 300w, https:\/\/tuki.com.ar\/wp-content\/uploads\/2024\/10\/cv-768x275.jpg 768w, https:\/\/tuki.com.ar\/wp-content\/uploads\/2024\/10\/cv.jpg 1063w\" sizes=\"(max-width: 800px) 100vw, 800px\" \/>\t\t\t\t\t\t\t\t\t\t\t\t\t\t\t<\/div>\n\t\t\t\t<\/div>\n\t\t\t\t<\/div>\n\t\t\t\t\t<\/div>\n\t\t\t\t<\/div>\n\t\t\t\t\t<\/div>\n\t\t\t\t<\/div>\n\t\t\t\t<\/div>\n\t\t","protected":false},"excerpt":{"rendered":"<p>Caracter\u00edsticas Destacadas de Tuki Piccolo Par\u00e1metros B\u00e1sicos Dimensiones generales: 3395 \u00d7 1475 \u00d7 1950 mm Volumen del contenedor: 2.5 m\u00b3 Posici\u00f3n del volante: LHD (volante a la izquierda) Distancia entre ejes: 2430 mm Distancia entre ruedas delanteras\/traseras: 1300\/1290 mm Capacidad de asientos: 2 asientos Especificaciones de los neum\u00e1ticos: 145R12 LT 8PR M\u00e1xima inclinaci\u00f3n: 27% Velocidad [&hellip;]<\/p>\n","protected":false},"author":1,"featured_media":0,"parent":0,"menu_order":0,"comment_status":"closed","ping_status":"closed","template":"elementor_header_footer","meta":{"_acf_changed":false,"footnotes":""},"class_list":["post-15913","page","type-page","status-publish","hentry"],"acf":[],"_links":{"self":[{"href":"https:\/\/tuki.com.ar\/wp-json\/wp\/v2\/pages\/15913","targetHints":{"allow":["GET"]}}],"collection":[{"href":"https:\/\/tuki.com.ar\/wp-json\/wp\/v2\/pages"}],"about":[{"href":"https:\/\/tuki.com.ar\/wp-json\/wp\/v2\/types\/page"}],"author":[{"embeddable":true,"href":"https:\/\/tuki.com.ar\/wp-json\/wp\/v2\/users\/1"}],"replies":[{"embeddable":true,"href":"https:\/\/tuki.com.ar\/wp-json\/wp\/v2\/comments?post=15913"}],"version-history":[{"count":22,"href":"https:\/\/tuki.com.ar\/wp-json\/wp\/v2\/pages\/15913\/revisions"}],"predecessor-version":[{"id":16018,"href":"https:\/\/tuki.com.ar\/wp-json\/wp\/v2\/pages\/15913\/revisions\/16018"}],"wp:attachment":[{"href":"https:\/\/tuki.com.ar\/wp-json\/wp\/v2\/media?parent=15913"}],"curies":[{"name":"wp","href":"https:\/\/api.w.org\/{rel}","templated":true}]}}